{"id":307,"date":"2023-01-19T12:01:05","date_gmt":"2023-01-19T11:01:05","guid":{"rendered":"https:\/\/amistapiedmontwine.com\/?page_id=307"},"modified":"2023-02-07T15:15:50","modified_gmt":"2023-02-07T14:15:50","slug":"about-us","status":"publish","type":"page","link":"https:\/\/amistapiedmontwine.com\/it\/about-us\/","title":{"rendered":"About us"},"content":{"rendered":"<section class=\"l-section wpb_row us_custom_659b884f has_text_color height_medium\"><div class=\"l-section-h i-cf\"><div class=\"g-cols vc_row via_flex valign_top type_default stacking_default\"><div class=\"vc_col-sm-12 wpb_column vc_column_container\"><div class=\"vc_column-inner\"><div class=\"wpb_wrapper\"><div class=\"wpb_text_column us_custom_897f1b73 has_text_color\"><div class=\"wpb_wrapper\"><h2 class=\"p1\" style=\"text-align: center;\">BENVENUTI IN PIEMONTE<\/h2>\n<\/div><\/div><div class=\"wpb_text_column us_custom_88c31450\"><div class=\"wpb_wrapper\"><div class=\"page\" title=\"Page 4\">\n<div class=\"section\">\n<div class=\"layoutArea\">\n<div class=\"column\">\n<p style=\"text-align: center;\">Benvenuti in <strong>Amist\u00e0<\/strong>. Siamo tra le colline Patrimonio Unesco, nella zona compresa tra Nizza, San Marzano Oliveto e Moasca. Qui risiedono le radici del nostro modello di impresa che parte dalla produzione di Nizza Docg con l\u2019obiettivo di valorizzare il terroir sviluppando una nuova idea di viticoltura e nello stesso tempo promuovendo una nuova cultura dell\u2019<span style=\"text-decoration: underline;\"><a href=\"https:\/\/amistapiedmontwine.com\/it\/countryhouse\/\">accoglienza<\/a><\/span>\u00a0e nuove forme di condivisione dei valori.<\/p>\n<\/div>\n<\/div>\n<\/div>\n<\/div>\n<\/div><\/div><div class=\"w-hwrapper us_custom_4abaea22 align_center valign_top\" style=\"--hwrapper-gap:1.20rem\"><div class=\"w-btn-wrapper align_none\"><a class=\"w-btn us-btn-style_5\" href=\"#mission\"><span class=\"w-btn-label\">MISSION<\/span><\/a><\/div><div class=\"w-btn-wrapper align_none\"><a class=\"w-btn us-btn-style_5\" href=\"#filosofia\"><span class=\"w-btn-label\">FILOSOFIA<\/span><\/a><\/div><div class=\"w-btn-wrapper align_none\"><a class=\"w-btn us-btn-style_5\" href=\"#persone\"><span class=\"w-btn-label\">PERSONE<\/span><\/a><\/div><\/div><\/div><\/div><\/div><\/div><\/div><\/section><section class=\"l-section wpb_row us_custom_aa817de0 height_medium full_height valign_center\"><div class=\"l-section-h i-cf\"><div class=\"g-cols vc_row via_flex valign_top type_default stacking_default\"><div class=\"vc_col-sm-12 wpb_column vc_column_container\"><div class=\"vc_column-inner\"><div class=\"wpb_wrapper\"><\/div><\/div><\/div><\/div><\/div><\/section><section class=\"l-section wpb_row us_custom_7c432662 has_text_color height_small\" id=\"mission\"><div class=\"l-section-h i-cf\"><div class=\"g-cols vc_row via_flex valign_top type_default stacking_default\"><div class=\"vc_col-sm-12 wpb_column vc_column_container\"><div class=\"vc_column-inner\"><div class=\"wpb_wrapper\"><div class=\"wpb_text_column us_custom_897f1b73 has_text_color\"><div class=\"wpb_wrapper\"><div class=\"page\" title=\"Page 4\">\n<div class=\"section\">\n<div class=\"layoutArea\">\n<div class=\"column\">\n<h2 style=\"text-align: center;\">LA NOSTRA MISSION: UN\u2019ECCELLENZA A VOCAZIONE INTERNAZIONALE<\/h2>\n<\/div>\n<\/div>\n<\/div>\n<\/div>\n<\/div><\/div><div class=\"wpb_text_column us_custom_88c31450\"><div class=\"wpb_wrapper\"><div class=\"page\" title=\"Page 4\">\n<div class=\"section\">\n<div class=\"layoutArea\">\n<div class=\"column\">\n<div class=\"page\" title=\"Page 4\">\n<div class=\"section\">\n<div class=\"layoutArea\">\n<div class=\"column\">\n<p style=\"text-align: center;\">Amist\u00e0 produce solo ed esclusivamente Nizza Docg da vigne che vantano oltre trenta, cinquanta anche novant\u2019anni di et\u00e0. Se il Nizza rappresenta l\u2019espressione pi\u00f9 elevata della Barbera, Amist\u00e0 ne rappresenta un\u2019ulteriore evoluzione in un\u2019ottica di eccellenza. Un vino pensato per far conoscere il Piemonte in tutto il mondo in una sua nuova sfumatura attraverso un\u2019appassionante esperienza del gusto.<\/p>\n<\/div>\n<\/div>\n<\/div>\n<\/div>\n<\/div>\n<\/div>\n<\/div>\n<\/div>\n<\/div><\/div><\/div><\/div><\/div><\/div><\/div><\/section><section class=\"l-section wpb_row us_custom_d5cb0e11 has_text_color height_medium\" id=\"filosofia\"><div class=\"l-section-h i-cf\"><div class=\"g-cols vc_row via_flex valign_top type_default stacking_default\"><div class=\"vc_col-sm-12 wpb_column vc_column_container\"><div class=\"vc_column-inner\"><div class=\"wpb_wrapper\"><div class=\"wpb_text_column us_custom_5402d075 has_text_color\"><div class=\"wpb_wrapper\"><div class=\"page\" title=\"Page 4\">\n<div class=\"section\">\n<div class=\"layoutArea\">\n<div class=\"column\">\n<h2 style=\"text-align: center;\">Ascolto, rispetto, equilibrio<\/h2>\n<\/div>\n<\/div>\n<\/div>\n<\/div>\n<\/div><\/div><div class=\"wpb_text_column us_custom_9ce0afa9\"><div class=\"wpb_wrapper\"><div class=\"page\" title=\"Page 4\">\n<div class=\"section\">\n<div class=\"layoutArea\">\n<div class=\"column\">\n<div class=\"page\" title=\"Page 4\">\n<div class=\"section\">\n<div class=\"layoutArea\">\n<div class=\"column\">\n<div class=\"page\" title=\"Page 4\">\n<div class=\"section\">\n<div class=\"layoutArea\">\n<div class=\"column\">\n<h2 style=\"text-align: center;\">In queste tre parole si esprime per noi il concetto di sostenibilit\u00e0.<\/h2>\n<\/div>\n<\/div>\n<\/div>\n<\/div>\n<\/div>\n<\/div>\n<\/div>\n<\/div>\n<\/div>\n<\/div>\n<\/div>\n<\/div>\n<\/div><\/div><\/div><\/div><\/div><\/div><\/div><\/section><section class=\"l-section wpb_row us_custom_943ed2eb has_text_color height_small width_full\"><div class=\"l-section-h i-cf\"><div class=\"g-cols vc_row via_flex valign_middle type_default reversed stacking_default\"><div class=\"vc_col-sm-6 wpb_column vc_column_container\"><div class=\"vc_column-inner us_custom_de67d1db\"><div class=\"wpb_wrapper\"><div class=\"wpb_text_column us_custom_2c99b005 has_text_color\"><div class=\"wpb_wrapper\"><div class=\"page\" title=\"Page 4\">\n<div class=\"section\">\n<div class=\"layoutArea\">\n<div class=\"column\">\n<p style=\"text-align: center;\">Ascoltare<\/p>\n<\/div>\n<\/div>\n<\/div>\n<\/div>\n<\/div><\/div><div class=\"wpb_text_column us_custom_0399a01b\"><div class=\"wpb_wrapper\"><div class=\"page\" title=\"Page 4\">\n<div class=\"section\">\n<div class=\"layoutArea\">\n<div class=\"column\">\n<div class=\"page\" title=\"Page 4\">\n<div class=\"section\">\n<div class=\"layoutArea\">\n<div class=\"column\">\n<p style=\"text-align: center;\">La terra e la vigna per noi vuol dire vivere, lavorare e produrre in perfetta empatia. Sono il terreno di marne sabbiose e argille e gli antichi vigneti a fare la differenza: da qui si ricava un\u2019uva Barbera con acini integri e ricchi di sapore. La ricerca dell\u2019eccellenza \u00e8 coniugata con il rispetto della vigna e con tecniche di produzione di sana e buona viticoltura.<\/p>\n<\/div>\n<\/div>\n<\/div>\n<\/div>\n<\/div>\n<\/div>\n<\/div>\n<\/div>\n<\/div><\/div><\/div><\/div><\/div><div class=\"vc_col-sm-6 wpb_column vc_column_container\"><div class=\"vc_column-inner\"><div class=\"wpb_wrapper\"><div class=\"w-image us_custom_55a2e57e align_none\"><div class=\"w-image-h\"><img loading=\"lazy\" decoding=\"async\" width=\"1158\" height=\"834\" src=\"https:\/\/amistapiedmontwine.com\/wp-content\/uploads\/2023\/01\/p1.jpg\" class=\"attachment-full size-full\" alt=\"p1\" srcset=\"https:\/\/amistapiedmontwine.com\/wp-content\/uploads\/2023\/01\/p1.jpg 1158w, https:\/\/amistapiedmontwine.com\/wp-content\/uploads\/2023\/01\/p1-300x216.jpg 300w, https:\/\/amistapiedmontwine.com\/wp-content\/uploads\/2023\/01\/p1-1024x737.jpg 1024w, https:\/\/amistapiedmontwine.com\/wp-content\/uploads\/2023\/01\/p1-600x432.jpg 600w, https:\/\/amistapiedmontwine.com\/wp-content\/uploads\/2023\/01\/p1-100x72.jpg 100w, https:\/\/amistapiedmontwine.com\/wp-content\/uploads\/2023\/01\/p1-50x36.jpg 50w\" sizes=\"auto, (max-width: 1158px) 100vw, 1158px\" \/><\/div><\/div><\/div><\/div><\/div><\/div><\/div><\/section><section class=\"l-section wpb_row us_custom_943ed2eb has_text_color height_small width_full\"><div class=\"l-section-h i-cf\"><div class=\"g-cols vc_row via_flex valign_middle type_default stacking_default\"><div class=\"vc_col-sm-6 wpb_column vc_column_container\"><div class=\"vc_column-inner\"><div class=\"wpb_wrapper\"><div class=\"w-image us_custom_55a2e57e align_none\"><div class=\"w-image-h\"><img loading=\"lazy\" decoding=\"async\" width=\"1158\" height=\"834\" src=\"https:\/\/amistapiedmontwine.com\/wp-content\/uploads\/2023\/01\/p2.jpg\" class=\"attachment-full size-full\" alt=\"p2\" srcset=\"https:\/\/amistapiedmontwine.com\/wp-content\/uploads\/2023\/01\/p2.jpg 1158w, https:\/\/amistapiedmontwine.com\/wp-content\/uploads\/2023\/01\/p2-300x216.jpg 300w, https:\/\/amistapiedmontwine.com\/wp-content\/uploads\/2023\/01\/p2-1024x737.jpg 1024w, https:\/\/amistapiedmontwine.com\/wp-content\/uploads\/2023\/01\/p2-600x432.jpg 600w, https:\/\/amistapiedmontwine.com\/wp-content\/uploads\/2023\/01\/p2-100x72.jpg 100w, https:\/\/amistapiedmontwine.com\/wp-content\/uploads\/2023\/01\/p2-50x36.jpg 50w\" sizes=\"auto, (max-width: 1158px) 100vw, 1158px\" \/><\/div><\/div><\/div><\/div><\/div><div class=\"vc_col-sm-6 wpb_column vc_column_container\"><div class=\"vc_column-inner us_custom_de67d1db\"><div class=\"wpb_wrapper\"><div class=\"wpb_text_column us_custom_2c99b005 has_text_color\"><div class=\"wpb_wrapper\"><div class=\"page\" title=\"Page 4\">\n<div class=\"section\">\n<div class=\"layoutArea\">\n<div class=\"column\">\n<p style=\"text-align: center;\">Minore resa, maggiore qualit\u00e0<\/p>\n<\/div>\n<\/div>\n<\/div>\n<\/div>\n<\/div><\/div><div class=\"wpb_text_column us_custom_0399a01b\"><div class=\"wpb_wrapper\"><p style=\"text-align: center;\">L\u2019et\u00e0 conta. Per questo non chiediamo di pi\u00f9 ai nostri vigneti di quanto sanno donarci. In Amist\u00e0 le rese sono comprese tra i 50 e i 55 q.li\/ha assolutamente inferiori rispetto a quelle previste dal disciplinare (70 q.li\/ha) a garanzia di qualit\u00e0 superiore oltre che di sostenibilit\u00e0.<\/p>\n<\/div><\/div><\/div><\/div><\/div><\/div><\/div><\/section><section class=\"l-section wpb_row us_custom_943ed2eb has_text_color height_small width_full\"><div class=\"l-section-h i-cf\"><div class=\"g-cols vc_row via_flex valign_middle type_default reversed stacking_default\"><div class=\"vc_col-sm-6 wpb_column vc_column_container\"><div class=\"vc_column-inner us_custom_de67d1db\"><div class=\"wpb_wrapper\"><div class=\"wpb_text_column us_custom_2c99b005 has_text_color\"><div class=\"wpb_wrapper\"><div class=\"page\" title=\"Page 4\">\n<div class=\"section\">\n<div class=\"layoutArea\">\n<div class=\"column\">\n<p style=\"text-align: center;\">In vigna, naturalmente<\/p>\n<\/div>\n<\/div>\n<\/div>\n<\/div>\n<\/div><\/div><div class=\"wpb_text_column us_custom_0399a01b\"><div class=\"wpb_wrapper\"><p style=\"text-align: center;\">\u00abSe la vigna sta bene, il vino \u00e8 buono\u00bb spiega <span style=\"text-decoration: underline;\"><a href=\"#lucadattoma\">Luca D\u2019Attoma<\/a><\/span>, l\u2019enologo di fama internazionale consulente di Amist\u00e0. Gli investimenti in Agricoltura 4.0 si combinano, quindi, con pratiche virtuose della tradizione. Dalla potatura alla raccolta effettuiamo solo interventi manuali. Utilizziamo concimi derivati da sostanze organiche: dal letame alla pollina, all\u2019humus di lombrichi. La pratica del sovescio &#8211; semina di essenze di graminacee e leguminose a certificazione biologica &#8211; favorisce l\u2019aumento della biodiversit\u00e0. Per proteggere la pianta da agenti patogeni scegliamo prodotti naturali: rame e zolfo, rispettivamente a difesa dalla peronospora e dall\u2019oidio e una serie di integratori sempre a certificazione biologica.<\/p>\n<\/div><\/div><\/div><\/div><\/div><div class=\"vc_col-sm-6 wpb_column vc_column_container\"><div class=\"vc_column-inner\"><div class=\"wpb_wrapper\"><div class=\"w-image us_custom_55a2e57e align_none\"><div class=\"w-image-h\"><img loading=\"lazy\" decoding=\"async\" width=\"1158\" height=\"834\" src=\"https:\/\/amistapiedmontwine.com\/wp-content\/uploads\/2023\/01\/p3.jpg\" class=\"attachment-full size-full\" alt=\"p3\" srcset=\"https:\/\/amistapiedmontwine.com\/wp-content\/uploads\/2023\/01\/p3.jpg 1158w, https:\/\/amistapiedmontwine.com\/wp-content\/uploads\/2023\/01\/p3-300x216.jpg 300w, https:\/\/amistapiedmontwine.com\/wp-content\/uploads\/2023\/01\/p3-1024x737.jpg 1024w, https:\/\/amistapiedmontwine.com\/wp-content\/uploads\/2023\/01\/p3-600x432.jpg 600w, https:\/\/amistapiedmontwine.com\/wp-content\/uploads\/2023\/01\/p3-100x72.jpg 100w, https:\/\/amistapiedmontwine.com\/wp-content\/uploads\/2023\/01\/p3-50x36.jpg 50w\" sizes=\"auto, (max-width: 1158px) 100vw, 1158px\" \/><\/div><\/div><\/div><\/div><\/div><\/div><\/div><\/section><section class=\"l-section wpb_row us_custom_943ed2eb has_text_color height_small width_full\"><div class=\"l-section-h i-cf\"><div class=\"g-cols vc_row via_flex valign_middle type_default stacking_default\"><div class=\"vc_col-sm-6 wpb_column vc_column_container\"><div class=\"vc_column-inner\"><div class=\"wpb_wrapper\"><div class=\"w-image us_custom_55a2e57e align_none\"><div class=\"w-image-h\"><img loading=\"lazy\" decoding=\"async\" width=\"1158\" height=\"1200\" src=\"https:\/\/amistapiedmontwine.com\/wp-content\/uploads\/2023\/01\/p4.jpg\" class=\"attachment-full size-full\" alt=\"p4\" srcset=\"https:\/\/amistapiedmontwine.com\/wp-content\/uploads\/2023\/01\/p4.jpg 1158w, https:\/\/amistapiedmontwine.com\/wp-content\/uploads\/2023\/01\/p4-290x300.jpg 290w, https:\/\/amistapiedmontwine.com\/wp-content\/uploads\/2023\/01\/p4-988x1024.jpg 988w, https:\/\/amistapiedmontwine.com\/wp-content\/uploads\/2023\/01\/p4-579x600.jpg 579w, https:\/\/amistapiedmontwine.com\/wp-content\/uploads\/2023\/01\/p4-97x100.jpg 97w, https:\/\/amistapiedmontwine.com\/wp-content\/uploads\/2023\/01\/p4-48x50.jpg 48w\" sizes=\"auto, (max-width: 1158px) 100vw, 1158px\" \/><\/div><\/div><\/div><\/div><\/div><div class=\"vc_col-sm-6 wpb_column vc_column_container\"><div class=\"vc_column-inner us_custom_de67d1db\"><div class=\"wpb_wrapper\"><div class=\"wpb_text_column us_custom_2c99b005 has_text_color\"><div class=\"wpb_wrapper\"><p style=\"text-align: center;\">In cantina diamo valore al tempo<\/p>\n<\/div><\/div><div class=\"wpb_text_column us_custom_0399a01b\"><div class=\"wpb_wrapper\"><p style=\"text-align: center;\">Non ci poniamo scadenze, solo un obiettivo: ottenere il meglio. Il processo di vinificazione e di affinamento punta a mantenere inalterate le propriet\u00e0 contenute nelle uve, esaltandone le doti naturali di eleganza ed equilibrio. Anche in bottiglia l\u2019affinamento procede per un periodo superiore rispetto alla data prevista dal disciplinare: 6\/8 mesi in pi\u00f9 per il <span style=\"text-decoration: underline;\"><a href=\"https:\/\/amistapiedmontwine.com\/it\/nizza-docg\/\">Nizza<\/a><\/span>; 12 mesi per il <span style=\"text-decoration: underline;\"><a href=\"https:\/\/amistapiedmontwine.com\/it\/nizza-riserva-docg\/\">Nizza Riserva<\/a><\/span>\u00a0prima della messa in vendita.<\/p>\n<\/div><\/div><\/div><\/div><\/div><\/div><\/div><\/section><section class=\"l-section wpb_row us_custom_a9329e99 height_auto full_height valign_center\" id=\"persone\"><div class=\"l-section-h i-cf\"><div class=\"g-cols vc_row via_flex valign_top type_default stacking_default\"><div class=\"vc_col-sm-12 wpb_column vc_column_container\"><div class=\"vc_column-inner\"><div class=\"wpb_wrapper\"><div class=\"wpb_text_column us_custom_26cdc38a has_text_color\"><div class=\"wpb_wrapper\"><h2 style=\"text-align: center;\">LE PERSONE CHE FANNO AMISTA\u0300<\/h2>\n<\/div><\/div><\/div><\/div><\/div><\/div><\/div><\/section><section class=\"l-section wpb_row us_custom_659b884f has_text_color height_small\"><div class=\"l-section-h i-cf\"><div class=\"g-cols vc_row via_flex valign_top type_default stacking_default\"><div class=\"vc_col-sm-12 wpb_column vc_column_container\"><div class=\"vc_column-inner\"><div class=\"wpb_wrapper\"><div class=\"wpb_text_column us_custom_8eb3dd28\"><div class=\"wpb_wrapper\"><p style=\"text-align: center;\"><strong>Michele Marsiaj<br \/>\n<\/strong>Imprenditore<\/p>\n<\/div><\/div><div class=\"wpb_text_column us_custom_8eb3dd28\" id=\"lucadattoma\"><div class=\"wpb_wrapper\"><p style=\"text-align: center;\"><strong>Luca D\u2019Attoma<br \/>\n<\/strong><a href=\"https:\/\/www.lucadattoma.com\/\" target=\"_blank\" rel=\"noopener\"><span style=\"text-decoration: underline;\"><strong>Consulente enologo<\/strong><\/span><\/a><\/p>\n<\/div><\/div><div class=\"wpb_text_column us_custom_8eb3dd28\"><div class=\"wpb_wrapper\"><p style=\"text-align: center;\"><strong>Massimiliano Vivalda<br \/>\n<\/strong>Viticoltore<\/p>\n<\/div><\/div><\/div><\/div><\/div><\/div><\/div><\/section>\n","protected":false},"excerpt":{"rendered":"BENVENUTI IN PIEMONTE Benvenuti in Amist\u00e0. Siamo tra le colline Patrimonio Unesco, nella zona compresa tra Nizza, San Marzano Oliveto e Moasca. Qui risiedono le radici del nostro modello di impresa che parte dalla produzione di Nizza Docg con l\u2019obiettivo di valorizzare il terroir sviluppando una nuova idea di viticoltura e nello stesso tempo promuovendo...","protected":false},"author":1,"featured_media":89,"parent":0,"menu_order":0,"comment_status":"closed","ping_status":"closed","template":"","meta":{"_acf_changed":false,"footnotes":""},"class_list":["post-307","page","type-page","status-publish","has-post-thumbnail","hentry"],"acf":[],"yoast_head":"<!-- This site is optimized with the Yoast SEO plugin v20.0 - https:\/\/yoast.com\/wordpress\/plugins\/seo\/ -->\n<title>About us - Amist\u00e0 Piedmont Wine<\/title>\n<meta name=\"description\" content=\"Un vino pensato per far conoscere il Piemonte in tutto il mondo in una sua nuova sfumatura attraverso un\u2019appassionante esperienza del gusto.\" \/>\n<meta name=\"robots\" content=\"index, follow, max-snippet:-1, max-image-preview:large, max-video-preview:-1\" \/>\n<link rel=\"canonical\" href=\"https:\/\/amistapiedmontwine.com\/it\/about-us\/\" \/>\n<meta property=\"og:locale\" content=\"it_IT\" \/>\n<meta property=\"og:type\" content=\"article\" \/>\n<meta property=\"og:title\" content=\"About us - Amist\u00e0 Piedmont Wine\" \/>\n<meta property=\"og:description\" content=\"Un vino pensato per far conoscere il Piemonte in tutto il mondo in una sua nuova sfumatura attraverso un\u2019appassionante esperienza del gusto.\" \/>\n<meta property=\"og:url\" content=\"https:\/\/amistapiedmontwine.com\/it\/about-us\/\" \/>\n<meta property=\"og:site_name\" content=\"Amist\u00e0 Piedmont Wine\" \/>\n<meta property=\"article:publisher\" content=\"https:\/\/www.facebook.com\/amistawinenizzadocg\" \/>\n<meta property=\"article:modified_time\" content=\"2023-02-07T14:15:50+00:00\" \/>\n<meta property=\"og:image\" content=\"https:\/\/amistapiedmontwine.com\/wp-content\/uploads\/2023\/01\/about-us.jpg\" \/>\n\t<meta property=\"og:image:width\" content=\"1920\" \/>\n\t<meta property=\"og:image:height\" content=\"1478\" \/>\n\t<meta property=\"og:image:type\" content=\"image\/jpeg\" \/>\n<meta name=\"twitter:card\" content=\"summary_large_image\" \/>\n<meta name=\"twitter:label1\" content=\"Tempo di lettura stimato\" \/>\n\t<meta name=\"twitter:data1\" content=\"4 minuti\" \/>\n<script type=\"application\/ld+json\" class=\"yoast-schema-graph\">{\"@context\":\"https:\/\/schema.org\",\"@graph\":[{\"@type\":\"WebPage\",\"@id\":\"https:\/\/amistapiedmontwine.com\/it\/about-us\/\",\"url\":\"https:\/\/amistapiedmontwine.com\/it\/about-us\/\",\"name\":\"About us - Amist\u00e0 Piedmont Wine\",\"isPartOf\":{\"@id\":\"https:\/\/amistapiedmontwine.com\/it\/#website\"},\"datePublished\":\"2023-01-19T11:01:05+00:00\",\"dateModified\":\"2023-02-07T14:15:50+00:00\",\"description\":\"Un vino pensato per far conoscere il Piemonte in tutto il mondo in una sua nuova sfumatura attraverso un\u2019appassionante esperienza del gusto.\",\"breadcrumb\":{\"@id\":\"https:\/\/amistapiedmontwine.com\/it\/about-us\/#breadcrumb\"},\"inLanguage\":\"it-IT\",\"potentialAction\":[{\"@type\":\"ReadAction\",\"target\":[\"https:\/\/amistapiedmontwine.com\/it\/about-us\/\"]}]},{\"@type\":\"BreadcrumbList\",\"@id\":\"https:\/\/amistapiedmontwine.com\/it\/about-us\/#breadcrumb\",\"itemListElement\":[{\"@type\":\"ListItem\",\"position\":1,\"name\":\"Home\",\"item\":\"https:\/\/amistapiedmontwine.com\/it\/home\/\"},{\"@type\":\"ListItem\",\"position\":2,\"name\":\"About us\"}]},{\"@type\":\"WebSite\",\"@id\":\"https:\/\/amistapiedmontwine.com\/it\/#website\",\"url\":\"https:\/\/amistapiedmontwine.com\/it\/\",\"name\":\"Amist\u00e0 Piedmont Wine\",\"description\":\"\",\"publisher\":{\"@id\":\"https:\/\/amistapiedmontwine.com\/it\/#organization\"},\"potentialAction\":[{\"@type\":\"SearchAction\",\"target\":{\"@type\":\"EntryPoint\",\"urlTemplate\":\"https:\/\/amistapiedmontwine.com\/it\/?s={search_term_string}\"},\"query-input\":\"required name=search_term_string\"}],\"inLanguage\":\"it-IT\"},{\"@type\":\"Organization\",\"@id\":\"https:\/\/amistapiedmontwine.com\/it\/#organization\",\"name\":\"Amist\u00e0 Piedmont Wine\",\"url\":\"https:\/\/amistapiedmontwine.com\/it\/\",\"logo\":{\"@type\":\"ImageObject\",\"inLanguage\":\"it-IT\",\"@id\":\"https:\/\/amistapiedmontwine.com\/it\/#\/schema\/logo\/image\/\",\"url\":\"https:\/\/amistapiedmontwine.com\/wp-content\/uploads\/2023\/01\/logo-Amista.png\",\"contentUrl\":\"https:\/\/amistapiedmontwine.com\/wp-content\/uploads\/2023\/01\/logo-Amista.png\",\"width\":300,\"height\":45,\"caption\":\"Amist\u00e0 Piedmont Wine\"},\"image\":{\"@id\":\"https:\/\/amistapiedmontwine.com\/it\/#\/schema\/logo\/image\/\"},\"sameAs\":[\"https:\/\/www.instagram.com\/amistawine_nizzadocg\/?hl=it\",\"https:\/\/www.facebook.com\/amistawinenizzadocg\"]}]}<\/script>\n<!-- \/ Yoast SEO plugin. -->","yoast_head_json":{"title":"About us - Amist\u00e0 Piedmont Wine","description":"Un vino pensato per far conoscere il Piemonte in tutto il mondo in una sua nuova sfumatura attraverso un\u2019appassionante esperienza del gusto.","robots":{"index":"index","follow":"follow","max-snippet":"max-snippet:-1","max-image-preview":"max-image-preview:large","max-video-preview":"max-video-preview:-1"},"canonical":"https:\/\/amistapiedmontwine.com\/it\/about-us\/","og_locale":"it_IT","og_type":"article","og_title":"About us - Amist\u00e0 Piedmont Wine","og_description":"Un vino pensato per far conoscere il Piemonte in tutto il mondo in una sua nuova sfumatura attraverso un\u2019appassionante esperienza del gusto.","og_url":"https:\/\/amistapiedmontwine.com\/it\/about-us\/","og_site_name":"Amist\u00e0 Piedmont Wine","article_publisher":"https:\/\/www.facebook.com\/amistawinenizzadocg","article_modified_time":"2023-02-07T14:15:50+00:00","og_image":[{"width":1920,"height":1478,"url":"https:\/\/amistapiedmontwine.com\/wp-content\/uploads\/2023\/01\/about-us.jpg","type":"image\/jpeg"}],"twitter_card":"summary_large_image","twitter_misc":{"Tempo di lettura stimato":"4 minuti"},"schema":{"@context":"https:\/\/schema.org","@graph":[{"@type":"WebPage","@id":"https:\/\/amistapiedmontwine.com\/it\/about-us\/","url":"https:\/\/amistapiedmontwine.com\/it\/about-us\/","name":"About us - Amist\u00e0 Piedmont Wine","isPartOf":{"@id":"https:\/\/amistapiedmontwine.com\/it\/#website"},"datePublished":"2023-01-19T11:01:05+00:00","dateModified":"2023-02-07T14:15:50+00:00","description":"Un vino pensato per far conoscere il Piemonte in tutto il mondo in una sua nuova sfumatura attraverso un\u2019appassionante esperienza del gusto.","breadcrumb":{"@id":"https:\/\/amistapiedmontwine.com\/it\/about-us\/#breadcrumb"},"inLanguage":"it-IT","potentialAction":[{"@type":"ReadAction","target":["https:\/\/amistapiedmontwine.com\/it\/about-us\/"]}]},{"@type":"BreadcrumbList","@id":"https:\/\/amistapiedmontwine.com\/it\/about-us\/#breadcrumb","itemListElement":[{"@type":"ListItem","position":1,"name":"Home","item":"https:\/\/amistapiedmontwine.com\/it\/home\/"},{"@type":"ListItem","position":2,"name":"About us"}]},{"@type":"WebSite","@id":"https:\/\/amistapiedmontwine.com\/it\/#website","url":"https:\/\/amistapiedmontwine.com\/it\/","name":"Amist\u00e0 Piedmont Wine","description":"","publisher":{"@id":"https:\/\/amistapiedmontwine.com\/it\/#organization"},"potentialAction":[{"@type":"SearchAction","target":{"@type":"EntryPoint","urlTemplate":"https:\/\/amistapiedmontwine.com\/it\/?s={search_term_string}"},"query-input":"required name=search_term_string"}],"inLanguage":"it-IT"},{"@type":"Organization","@id":"https:\/\/amistapiedmontwine.com\/it\/#organization","name":"Amist\u00e0 Piedmont Wine","url":"https:\/\/amistapiedmontwine.com\/it\/","logo":{"@type":"ImageObject","inLanguage":"it-IT","@id":"https:\/\/amistapiedmontwine.com\/it\/#\/schema\/logo\/image\/","url":"https:\/\/amistapiedmontwine.com\/wp-content\/uploads\/2023\/01\/logo-Amista.png","contentUrl":"https:\/\/amistapiedmontwine.com\/wp-content\/uploads\/2023\/01\/logo-Amista.png","width":300,"height":45,"caption":"Amist\u00e0 Piedmont Wine"},"image":{"@id":"https:\/\/amistapiedmontwine.com\/it\/#\/schema\/logo\/image\/"},"sameAs":["https:\/\/www.instagram.com\/amistawine_nizzadocg\/?hl=it","https:\/\/www.facebook.com\/amistawinenizzadocg"]}]}},"_links":{"self":[{"href":"https:\/\/amistapiedmontwine.com\/it\/wp-json\/wp\/v2\/pages\/307","targetHints":{"allow":["GET"]}}],"collection":[{"href":"https:\/\/amistapiedmontwine.com\/it\/wp-json\/wp\/v2\/pages"}],"about":[{"href":"https:\/\/amistapiedmontwine.com\/it\/wp-json\/wp\/v2\/types\/page"}],"author":[{"embeddable":true,"href":"https:\/\/amistapiedmontwine.com\/it\/wp-json\/wp\/v2\/users\/1"}],"replies":[{"embeddable":true,"href":"https:\/\/amistapiedmontwine.com\/it\/wp-json\/wp\/v2\/comments?post=307"}],"version-history":[{"count":27,"href":"https:\/\/amistapiedmontwine.com\/it\/wp-json\/wp\/v2\/pages\/307\/revisions"}],"predecessor-version":[{"id":866,"href":"https:\/\/amistapiedmontwine.com\/it\/wp-json\/wp\/v2\/pages\/307\/revisions\/866"}],"wp:featuredmedia":[{"embeddable":true,"href":"https:\/\/amistapiedmontwine.com\/it\/wp-json\/wp\/v2\/media\/89"}],"wp:attachment":[{"href":"https:\/\/amistapiedmontwine.com\/it\/wp-json\/wp\/v2\/media?parent=307"}],"curies":[{"name":"wp","href":"https:\/\/api.w.org\/{rel}","templated":true}]}}