{"id":313,"date":"2023-01-19T16:21:52","date_gmt":"2023-01-19T15:21:52","guid":{"rendered":"https:\/\/amistapiedmontwine.com\/?page_id=313"},"modified":"2024-12-18T17:12:29","modified_gmt":"2024-12-18T16:12:29","slug":"countryhouse","status":"publish","type":"page","link":"https:\/\/amistapiedmontwine.com\/it\/countryhouse\/","title":{"rendered":"Countryhouse"},"content":{"rendered":"<section class=\"l-section wpb_row us_custom_659b884f has_text_color height_medium\"><div class=\"l-section-h i-cf\"><div class=\"g-cols vc_row via_flex valign_top type_default stacking_default\"><div class=\"vc_col-sm-12 wpb_column vc_column_container\"><div class=\"vc_column-inner\"><div class=\"wpb_wrapper\"><div class=\"wpb_text_column us_custom_897f1b73 has_text_color\"><div class=\"wpb_wrapper\"><h2 class=\"p1\" style=\"text-align: center;\">SCOPRI E VIVI LA FILOSOFIA AMIST\u00c0 NELLA NOSTRA COUNTRYHOUSE<\/h2>\n<\/div><\/div><div class=\"wpb_text_column us_custom_88c31450\"><div class=\"wpb_wrapper\"><p class=\"p1\" style=\"text-align: center;\">Amist\u00e0: la parola dice gi\u00e0 tutto. Vuol dire amicizia. Alla base di questo sentimento c\u2019\u00e8 il piacere di condividere esperienze ed emozioni. Tutto questo avviene in Amist\u00e0 Countryhouse &#8220;Cascina degli Archi&#8221;: a poca distanza dalla nostra cantina, immersa nel verde delle colline Patrimonio Unesco. Il luogo che abbiamo scelto per ospitare chi desidera vivere da vicino e nel modo pi\u00f9 naturale l\u2019universo Amist\u00e0, condividendo la filosofia che sta alla base del nostro impegno.<\/p>\n<\/div><\/div><div class=\"w-btn-wrapper align_center\"><a class=\"w-btn us-btn-style_1 us_custom_972c33a7\" target=\"_blank\" href=\"https:\/\/countryhouseamista.com\/\" rel=\"noopener\"><span class=\"w-btn-label\">MORE<\/span><\/a><\/div><div class=\"w-btn-wrapper align_center\"><a class=\"w-btn us-btn-style_4 us_custom_72fc42ef\" target=\"_blank\" href=\"https:\/\/countryhouseamista.com\/booking\/\" rel=\"noopener\"><span class=\"w-btn-label\">PRENOTA LA TUA ESPERIENZA<\/span><\/a><\/div><\/div><\/div><\/div><\/div><\/div><\/section>\n","protected":false},"excerpt":{"rendered":"SCOPRI E VIVI LA FILOSOFIA AMIST\u00c0 NELLA NOSTRA COUNTRYHOUSE Amist\u00e0: la parola dice gi\u00e0 tutto. Vuol dire amicizia. Alla base di questo sentimento c\u2019\u00e8 il piacere di condividere esperienze ed emozioni. Tutto questo avviene in Amist\u00e0 Countryhouse &#8220;Cascina degli Archi&#8221;: a poca distanza dalla nostra cantina, immersa nel verde delle colline Patrimonio Unesco. Il luogo...","protected":false},"author":1,"featured_media":783,"parent":0,"menu_order":0,"comment_status":"closed","ping_status":"closed","template":"","meta":{"_acf_changed":false,"footnotes":""},"class_list":["post-313","page","type-page","status-publish","has-post-thumbnail","hentry"],"acf":[],"yoast_head":"<!-- This site is optimized with the Yoast SEO plugin v20.0 - https:\/\/yoast.com\/wordpress\/plugins\/seo\/ -->\n<title>Countryhouse - Amist\u00e0 Piedmont Wine<\/title>\n<meta name=\"description\" content=\"Scopri la filosofia Amist\u00e0 nella nostra Countryhouse a poca distanza dalla nostra cantina immersa nel verde delle colline Patrimonio Unesco.\" \/>\n<meta name=\"robots\" content=\"index, follow, max-snippet:-1, max-image-preview:large, max-video-preview:-1\" \/>\n<link rel=\"canonical\" href=\"https:\/\/amistapiedmontwine.com\/it\/countryhouse\/\" \/>\n<meta property=\"og:locale\" content=\"it_IT\" \/>\n<meta property=\"og:type\" content=\"article\" \/>\n<meta property=\"og:title\" content=\"Countryhouse - Amist\u00e0 Piedmont Wine\" \/>\n<meta property=\"og:description\" content=\"Scopri la filosofia Amist\u00e0 nella nostra Countryhouse a poca distanza dalla nostra cantina immersa nel verde delle colline Patrimonio Unesco.\" \/>\n<meta property=\"og:url\" content=\"https:\/\/amistapiedmontwine.com\/it\/countryhouse\/\" \/>\n<meta property=\"og:site_name\" content=\"Amist\u00e0 Piedmont Wine\" \/>\n<meta property=\"article:publisher\" content=\"https:\/\/www.facebook.com\/amistawinenizzadocg\" \/>\n<meta property=\"article:modified_time\" content=\"2024-12-18T16:12:29+00:00\" \/>\n<meta property=\"og:image\" content=\"https:\/\/amistapiedmontwine.com\/wp-content\/uploads\/2023\/01\/country-house-1.jpg\" \/>\n\t<meta property=\"og:image:width\" content=\"1441\" \/>\n\t<meta property=\"og:image:height\" content=\"808\" \/>\n\t<meta property=\"og:image:type\" content=\"image\/jpeg\" \/>\n<meta name=\"twitter:card\" content=\"summary_large_image\" \/>\n<meta name=\"twitter:label1\" content=\"Tempo di lettura stimato\" \/>\n\t<meta name=\"twitter:data1\" content=\"1 minuto\" \/>\n<script type=\"application\/ld+json\" class=\"yoast-schema-graph\">{\"@context\":\"https:\/\/schema.org\",\"@graph\":[{\"@type\":\"WebPage\",\"@id\":\"https:\/\/amistapiedmontwine.com\/it\/countryhouse\/\",\"url\":\"https:\/\/amistapiedmontwine.com\/it\/countryhouse\/\",\"name\":\"Countryhouse - Amist\u00e0 Piedmont Wine\",\"isPartOf\":{\"@id\":\"https:\/\/amistapiedmontwine.com\/it\/#website\"},\"datePublished\":\"2023-01-19T15:21:52+00:00\",\"dateModified\":\"2024-12-18T16:12:29+00:00\",\"description\":\"Scopri la filosofia Amist\u00e0 nella nostra Countryhouse a poca distanza dalla nostra cantina immersa nel verde delle colline Patrimonio Unesco.\",\"breadcrumb\":{\"@id\":\"https:\/\/amistapiedmontwine.com\/it\/countryhouse\/#breadcrumb\"},\"inLanguage\":\"it-IT\",\"potentialAction\":[{\"@type\":\"ReadAction\",\"target\":[\"https:\/\/amistapiedmontwine.com\/it\/countryhouse\/\"]}]},{\"@type\":\"BreadcrumbList\",\"@id\":\"https:\/\/amistapiedmontwine.com\/it\/countryhouse\/#breadcrumb\",\"itemListElement\":[{\"@type\":\"ListItem\",\"position\":1,\"name\":\"Home\",\"item\":\"https:\/\/amistapiedmontwine.com\/it\/home\/\"},{\"@type\":\"ListItem\",\"position\":2,\"name\":\"Countryhouse\"}]},{\"@type\":\"WebSite\",\"@id\":\"https:\/\/amistapiedmontwine.com\/it\/#website\",\"url\":\"https:\/\/amistapiedmontwine.com\/it\/\",\"name\":\"Amist\u00e0 Piedmont Wine\",\"description\":\"\",\"publisher\":{\"@id\":\"https:\/\/amistapiedmontwine.com\/it\/#organization\"},\"potentialAction\":[{\"@type\":\"SearchAction\",\"target\":{\"@type\":\"EntryPoint\",\"urlTemplate\":\"https:\/\/amistapiedmontwine.com\/it\/?s={search_term_string}\"},\"query-input\":\"required name=search_term_string\"}],\"inLanguage\":\"it-IT\"},{\"@type\":\"Organization\",\"@id\":\"https:\/\/amistapiedmontwine.com\/it\/#organization\",\"name\":\"Amist\u00e0 Piedmont Wine\",\"url\":\"https:\/\/amistapiedmontwine.com\/it\/\",\"logo\":{\"@type\":\"ImageObject\",\"inLanguage\":\"it-IT\",\"@id\":\"https:\/\/amistapiedmontwine.com\/it\/#\/schema\/logo\/image\/\",\"url\":\"https:\/\/amistapiedmontwine.com\/wp-content\/uploads\/2023\/01\/logo-Amista.png\",\"contentUrl\":\"https:\/\/amistapiedmontwine.com\/wp-content\/uploads\/2023\/01\/logo-Amista.png\",\"width\":300,\"height\":45,\"caption\":\"Amist\u00e0 Piedmont Wine\"},\"image\":{\"@id\":\"https:\/\/amistapiedmontwine.com\/it\/#\/schema\/logo\/image\/\"},\"sameAs\":[\"https:\/\/www.instagram.com\/amistawine_nizzadocg\/?hl=it\",\"https:\/\/www.facebook.com\/amistawinenizzadocg\"]}]}<\/script>\n<!-- \/ Yoast SEO plugin. -->","yoast_head_json":{"title":"Countryhouse - Amist\u00e0 Piedmont Wine","description":"Scopri la filosofia Amist\u00e0 nella nostra Countryhouse a poca distanza dalla nostra cantina immersa nel verde delle colline Patrimonio Unesco.","robots":{"index":"index","follow":"follow","max-snippet":"max-snippet:-1","max-image-preview":"max-image-preview:large","max-video-preview":"max-video-preview:-1"},"canonical":"https:\/\/amistapiedmontwine.com\/it\/countryhouse\/","og_locale":"it_IT","og_type":"article","og_title":"Countryhouse - Amist\u00e0 Piedmont Wine","og_description":"Scopri la filosofia Amist\u00e0 nella nostra Countryhouse a poca distanza dalla nostra cantina immersa nel verde delle colline Patrimonio Unesco.","og_url":"https:\/\/amistapiedmontwine.com\/it\/countryhouse\/","og_site_name":"Amist\u00e0 Piedmont Wine","article_publisher":"https:\/\/www.facebook.com\/amistawinenizzadocg","article_modified_time":"2024-12-18T16:12:29+00:00","og_image":[{"width":1441,"height":808,"url":"https:\/\/amistapiedmontwine.com\/wp-content\/uploads\/2023\/01\/country-house-1.jpg","type":"image\/jpeg"}],"twitter_card":"summary_large_image","twitter_misc":{"Tempo di lettura stimato":"1 minuto"},"schema":{"@context":"https:\/\/schema.org","@graph":[{"@type":"WebPage","@id":"https:\/\/amistapiedmontwine.com\/it\/countryhouse\/","url":"https:\/\/amistapiedmontwine.com\/it\/countryhouse\/","name":"Countryhouse - Amist\u00e0 Piedmont Wine","isPartOf":{"@id":"https:\/\/amistapiedmontwine.com\/it\/#website"},"datePublished":"2023-01-19T15:21:52+00:00","dateModified":"2024-12-18T16:12:29+00:00","description":"Scopri la filosofia Amist\u00e0 nella nostra Countryhouse a poca distanza dalla nostra cantina immersa nel verde delle colline Patrimonio Unesco.","breadcrumb":{"@id":"https:\/\/amistapiedmontwine.com\/it\/countryhouse\/#breadcrumb"},"inLanguage":"it-IT","potentialAction":[{"@type":"ReadAction","target":["https:\/\/amistapiedmontwine.com\/it\/countryhouse\/"]}]},{"@type":"BreadcrumbList","@id":"https:\/\/amistapiedmontwine.com\/it\/countryhouse\/#breadcrumb","itemListElement":[{"@type":"ListItem","position":1,"name":"Home","item":"https:\/\/amistapiedmontwine.com\/it\/home\/"},{"@type":"ListItem","position":2,"name":"Countryhouse"}]},{"@type":"WebSite","@id":"https:\/\/amistapiedmontwine.com\/it\/#website","url":"https:\/\/amistapiedmontwine.com\/it\/","name":"Amist\u00e0 Piedmont Wine","description":"","publisher":{"@id":"https:\/\/amistapiedmontwine.com\/it\/#organization"},"potentialAction":[{"@type":"SearchAction","target":{"@type":"EntryPoint","urlTemplate":"https:\/\/amistapiedmontwine.com\/it\/?s={search_term_string}"},"query-input":"required name=search_term_string"}],"inLanguage":"it-IT"},{"@type":"Organization","@id":"https:\/\/amistapiedmontwine.com\/it\/#organization","name":"Amist\u00e0 Piedmont Wine","url":"https:\/\/amistapiedmontwine.com\/it\/","logo":{"@type":"ImageObject","inLanguage":"it-IT","@id":"https:\/\/amistapiedmontwine.com\/it\/#\/schema\/logo\/image\/","url":"https:\/\/amistapiedmontwine.com\/wp-content\/uploads\/2023\/01\/logo-Amista.png","contentUrl":"https:\/\/amistapiedmontwine.com\/wp-content\/uploads\/2023\/01\/logo-Amista.png","width":300,"height":45,"caption":"Amist\u00e0 Piedmont Wine"},"image":{"@id":"https:\/\/amistapiedmontwine.com\/it\/#\/schema\/logo\/image\/"},"sameAs":["https:\/\/www.instagram.com\/amistawine_nizzadocg\/?hl=it","https:\/\/www.facebook.com\/amistawinenizzadocg"]}]}},"_links":{"self":[{"href":"https:\/\/amistapiedmontwine.com\/it\/wp-json\/wp\/v2\/pages\/313","targetHints":{"allow":["GET"]}}],"collection":[{"href":"https:\/\/amistapiedmontwine.com\/it\/wp-json\/wp\/v2\/pages"}],"about":[{"href":"https:\/\/amistapiedmontwine.com\/it\/wp-json\/wp\/v2\/types\/page"}],"author":[{"embeddable":true,"href":"https:\/\/amistapiedmontwine.com\/it\/wp-json\/wp\/v2\/users\/1"}],"replies":[{"embeddable":true,"href":"https:\/\/amistapiedmontwine.com\/it\/wp-json\/wp\/v2\/comments?post=313"}],"version-history":[{"count":14,"href":"https:\/\/amistapiedmontwine.com\/it\/wp-json\/wp\/v2\/pages\/313\/revisions"}],"predecessor-version":[{"id":1358,"href":"https:\/\/amistapiedmontwine.com\/it\/wp-json\/wp\/v2\/pages\/313\/revisions\/1358"}],"wp:featuredmedia":[{"embeddable":true,"href":"https:\/\/amistapiedmontwine.com\/it\/wp-json\/wp\/v2\/media\/783"}],"wp:attachment":[{"href":"https:\/\/amistapiedmontwine.com\/it\/wp-json\/wp\/v2\/media?parent=313"}],"curies":[{"name":"wp","href":"https:\/\/api.w.org\/{rel}","templated":true}]}}