{"id":323,"date":"2023-01-19T11:55:48","date_gmt":"2023-01-19T10:55:48","guid":{"rendered":"https:\/\/amistapiedmontwine.com\/?page_id=323"},"modified":"2023-01-25T12:22:16","modified_gmt":"2023-01-25T11:22:16","slug":"nizza-docg-eccellenza-del-piemonte","status":"publish","type":"page","link":"https:\/\/amistapiedmontwine.com\/it\/nizza-docg-eccellenza-del-piemonte\/","title":{"rendered":"NIZZA DOCG: Eccellenza del Piemonte"},"content":{"rendered":"<section class=\"l-section wpb_row us_custom_659b884f has_text_color height_medium\"><div class=\"l-section-h i-cf\"><div class=\"g-cols vc_row via_flex valign_top type_default stacking_default\"><div class=\"vc_col-sm-12 wpb_column vc_column_container\"><div class=\"vc_column-inner\"><div class=\"wpb_wrapper\"><div class=\"wpb_text_column us_custom_897f1b73 has_text_color\"><div class=\"wpb_wrapper\"><h2 class=\"p1\" style=\"text-align: center;\">NIZZA DOCG: ECCELLENZA DEL PIEMONTE<\/h2>\n<\/div><\/div><div class=\"wpb_text_column us_custom_88c31450\"><div class=\"wpb_wrapper\"><p class=\"p1\" style=\"text-align: center;\">Amist\u00e0 fa parte dell\u2019<a href=\"https:\/\/www.ilnizza.net\/\" target=\"_blank\" rel=\"noopener\"><span style=\"text-decoration: underline;\"><strong>Associazione Produttori del Nizza<\/strong><\/span><\/a>: un insieme di aziende, storie e progetti imprenditoriali uniti in un percorso comune per sostenere e sviluppare quel processo di nobilitazione del Barbera che ha portato a una nuova Docg. Ecco le tappe fondamentali:<\/p>\n<\/div><\/div><\/div><\/div><\/div><\/div><\/div><\/section><section class=\"l-section wpb_row us_custom_3e24d5e9 has_text_color height_medium\"><div class=\"l-section-h i-cf\"><div class=\"g-cols vc_row via_flex valign_top type_default stacking_default\"><div class=\"vc_col-sm-12 wpb_column vc_column_container\"><div class=\"vc_column-inner\"><div class=\"wpb_wrapper\"><div class=\"wpb_text_column us_custom_9efcefc5 has_text_color\"><div class=\"wpb_wrapper\"><h1 style=\"text-align: center;\">2000-2007<\/h1>\n<\/div><\/div><div class=\"wpb_text_column us_custom_d37ff63f has_text_color\"><div class=\"wpb_wrapper\"><p style=\"text-align: center;\">Con la vendemmia 2000 \u00e8 riconosciuta Nizza come sottozona della Barbera d\u2019Asti Doc Superiore.<\/p>\n<\/div><\/div><\/div><\/div><\/div><\/div><\/div><\/section><section class=\"l-section wpb_row us_custom_0f015c6f has_text_color height_medium\"><div class=\"l-section-h i-cf\"><div class=\"g-cols vc_row via_flex valign_top type_default stacking_default\"><div class=\"vc_col-sm-12 wpb_column vc_column_container\"><div class=\"vc_column-inner\"><div class=\"wpb_wrapper\"><div class=\"wpb_text_column us_custom_9efcefc5 has_text_color\"><div class=\"wpb_wrapper\"><h1 class=\"p1\" style=\"text-align: center;\">2008-2013<\/h1>\n<\/div><\/div><div class=\"wpb_text_column us_custom_0c427a4b has_text_color\"><div class=\"wpb_wrapper\"><div class=\"page\" title=\"Page 3\">\n<div class=\"section\">\n<div class=\"layoutArea\">\n<div class=\"column\">\n<p style=\"text-align: center;\">Con la vendemmia 2008 e\u0300 riconosciuta la Docg per la Barbera d\u2019Asti.<\/p>\n<\/div>\n<\/div>\n<\/div>\n<\/div>\n<\/div><\/div><\/div><\/div><\/div><\/div><\/div><\/section><section class=\"l-section wpb_row us_custom_6daed98e has_text_color height_medium\"><div class=\"l-section-h i-cf\"><div class=\"g-cols vc_row via_flex valign_top type_default stacking_default\"><div class=\"vc_col-sm-12 wpb_column vc_column_container\"><div class=\"vc_column-inner\"><div class=\"wpb_wrapper\"><div class=\"wpb_text_column us_custom_9efcefc5 has_text_color\"><div class=\"wpb_wrapper\"><h1 class=\"p1\" style=\"text-align: center;\">2014<\/h1>\n<\/div><\/div><div class=\"wpb_text_column us_custom_0c427a4b has_text_color\"><div class=\"wpb_wrapper\"><div class=\"page\" title=\"Page 3\">\n<div class=\"section\">\n<div class=\"layoutArea\">\n<div class=\"column\">\n<p style=\"text-align: center;\">Con la vendemmia 2014 nasce la sottozona della Barbera a denominazione propria: Nizza. Questa denominazione anzich\u00e9 un vitigno esprime in un nome solo un territorio e la sua particolare cultura.<\/p>\n<\/div>\n<\/div>\n<\/div>\n<\/div>\n<\/div><\/div><\/div><\/div><\/div><\/div><\/div><\/section><section class=\"l-section wpb_row us_custom_659b884f has_text_color height_medium\"><div class=\"l-section-h i-cf\"><div class=\"g-cols vc_row via_flex valign_top type_default stacking_default\"><div class=\"vc_col-sm-12 wpb_column vc_column_container\"><div class=\"vc_column-inner\"><div class=\"wpb_wrapper\"><div class=\"wpb_text_column us_custom_cdc4868a has_text_color\"><div class=\"wpb_wrapper\"><div class=\"page\" title=\"Page 3\">\n<div class=\"section\">\n<div class=\"layoutArea\">\n<div class=\"column\">\n<p style=\"text-align: center;\">Il Nizza Docg si produce esclusivamente in un territorio compreso tra 18 comuni del Monferrato ed e\u0300 sottoposto a un rigido disciplinare.<\/p>\n<\/div>\n<\/div>\n<\/div>\n<\/div>\n<\/div><\/div><div class=\"w-btn-wrapper align_center\"><a class=\"w-btn us-btn-style_1 us_custom_3b8f9481\" href=\"https:\/\/www.ilnizza.net\/\"><span class=\"w-btn-label\">More<\/span><\/a><\/div><\/div><\/div><\/div><\/div><\/div><\/section><section class=\"l-section wpb_row height_medium with_video with_vimeo\"><style>@media(max-width:1px){#us_bg_video_nc24{display:none!important}}<\/style><div class=\"l-section-video\" id=\"us_bg_video_nc24\"><iframe title=\"Vimeo video player\" src=\"https:\/\/player.vimeo.com\/video\/791985750?autoplay=1&loop=1&muted=1&title=0&byline=0&background=1\" frameborder=\"0\" allow=\"autoplay; fullscreen\" allowfullscreen loading=\"lazy\"><\/iframe><\/div><div class=\"l-section-h i-cf\"><div class=\"g-cols vc_row via_flex valign_top type_default stacking_default\"><div class=\"vc_col-sm-12 wpb_column vc_column_container\"><div class=\"vc_column-inner\"><div class=\"wpb_wrapper\"><div class=\"ult-spacer spacer-69e2fec331e85\" data-id=\"69e2fec331e85\" data-height=\"400\" data-height-mobile=\"400\" data-height-tab=\"400\" data-height-tab-portrait=\"400\" data-height-mobile-landscape=\"400\" style=\"clear:both;display:block;\"><\/div><\/div><\/div><\/div><\/div><\/div><\/section>\n","protected":false},"excerpt":{"rendered":"NIZZA DOCG: ECCELLENZA DEL PIEMONTE Amist\u00e0 fa parte dell\u2019Associazione Produttori del Nizza: un insieme di aziende, storie e progetti imprenditoriali uniti in un percorso comune per sostenere e sviluppare quel processo di nobilitazione del Barbera che ha portato a una nuova Docg. Ecco le tappe fondamentali: 2000-2007 Con la vendemmia 2000 \u00e8 riconosciuta Nizza come...","protected":false},"author":1,"featured_media":76,"parent":0,"menu_order":0,"comment_status":"closed","ping_status":"closed","template":"","meta":{"_acf_changed":false,"footnotes":""},"class_list":["post-323","page","type-page","status-publish","has-post-thumbnail","hentry"],"acf":[],"yoast_head":"<!-- This site is optimized with the Yoast SEO plugin v20.0 - https:\/\/yoast.com\/wordpress\/plugins\/seo\/ -->\n<title>NIZZA DOCG: Eccellenza del Piemonte - Amist\u00e0 Piedmont Wine<\/title>\n<meta name=\"description\" content=\"Scopri le tappe fondamentali che hanno portato Amist\u00e0 a essere Associazione Produttori del Nizza . Scopri di pi\u00f9.\" \/>\n<meta name=\"robots\" content=\"index, follow, max-snippet:-1, max-image-preview:large, max-video-preview:-1\" \/>\n<link rel=\"canonical\" href=\"https:\/\/amistapiedmontwine.com\/it\/nizza-docg-eccellenza-del-piemonte\/\" \/>\n<meta property=\"og:locale\" content=\"it_IT\" \/>\n<meta property=\"og:type\" content=\"article\" \/>\n<meta property=\"og:title\" content=\"NIZZA DOCG: Eccellenza del Piemonte - Amist\u00e0 Piedmont Wine\" \/>\n<meta property=\"og:description\" content=\"Scopri le tappe fondamentali che hanno portato Amist\u00e0 a essere Associazione Produttori del Nizza . Scopri di pi\u00f9.\" \/>\n<meta property=\"og:url\" content=\"https:\/\/amistapiedmontwine.com\/it\/nizza-docg-eccellenza-del-piemonte\/\" \/>\n<meta property=\"og:site_name\" content=\"Amist\u00e0 Piedmont Wine\" \/>\n<meta property=\"article:publisher\" content=\"https:\/\/www.facebook.com\/amistawinenizzadocg\" \/>\n<meta property=\"article:modified_time\" content=\"2023-01-25T11:22:16+00:00\" \/>\n<meta property=\"og:image\" content=\"https:\/\/amistapiedmontwine.com\/wp-content\/uploads\/2023\/01\/nizza-doc.jpg\" \/>\n\t<meta property=\"og:image:width\" content=\"1920\" \/>\n\t<meta property=\"og:image:height\" content=\"1478\" \/>\n\t<meta property=\"og:image:type\" content=\"image\/jpeg\" \/>\n<meta name=\"twitter:card\" content=\"summary_large_image\" \/>\n<meta name=\"twitter:label1\" content=\"Tempo di lettura stimato\" \/>\n\t<meta name=\"twitter:data1\" content=\"1 minuto\" \/>\n<script type=\"application\/ld+json\" class=\"yoast-schema-graph\">{\"@context\":\"https:\/\/schema.org\",\"@graph\":[{\"@type\":\"WebPage\",\"@id\":\"https:\/\/amistapiedmontwine.com\/it\/nizza-docg-eccellenza-del-piemonte\/\",\"url\":\"https:\/\/amistapiedmontwine.com\/it\/nizza-docg-eccellenza-del-piemonte\/\",\"name\":\"NIZZA DOCG: Eccellenza del Piemonte - Amist\u00e0 Piedmont Wine\",\"isPartOf\":{\"@id\":\"https:\/\/amistapiedmontwine.com\/it\/#website\"},\"datePublished\":\"2023-01-19T10:55:48+00:00\",\"dateModified\":\"2023-01-25T11:22:16+00:00\",\"description\":\"Scopri le tappe fondamentali che hanno portato Amist\u00e0 a essere Associazione Produttori del Nizza . Scopri di pi\u00f9.\",\"breadcrumb\":{\"@id\":\"https:\/\/amistapiedmontwine.com\/it\/nizza-docg-eccellenza-del-piemonte\/#breadcrumb\"},\"inLanguage\":\"it-IT\",\"potentialAction\":[{\"@type\":\"ReadAction\",\"target\":[\"https:\/\/amistapiedmontwine.com\/it\/nizza-docg-eccellenza-del-piemonte\/\"]}]},{\"@type\":\"BreadcrumbList\",\"@id\":\"https:\/\/amistapiedmontwine.com\/it\/nizza-docg-eccellenza-del-piemonte\/#breadcrumb\",\"itemListElement\":[{\"@type\":\"ListItem\",\"position\":1,\"name\":\"Home\",\"item\":\"https:\/\/amistapiedmontwine.com\/it\/home\/\"},{\"@type\":\"ListItem\",\"position\":2,\"name\":\"NIZZA DOCG: Eccellenza del Piemonte\"}]},{\"@type\":\"WebSite\",\"@id\":\"https:\/\/amistapiedmontwine.com\/it\/#website\",\"url\":\"https:\/\/amistapiedmontwine.com\/it\/\",\"name\":\"Amist\u00e0 Piedmont Wine\",\"description\":\"\",\"publisher\":{\"@id\":\"https:\/\/amistapiedmontwine.com\/it\/#organization\"},\"potentialAction\":[{\"@type\":\"SearchAction\",\"target\":{\"@type\":\"EntryPoint\",\"urlTemplate\":\"https:\/\/amistapiedmontwine.com\/it\/?s={search_term_string}\"},\"query-input\":\"required name=search_term_string\"}],\"inLanguage\":\"it-IT\"},{\"@type\":\"Organization\",\"@id\":\"https:\/\/amistapiedmontwine.com\/it\/#organization\",\"name\":\"Amist\u00e0 Piedmont Wine\",\"url\":\"https:\/\/amistapiedmontwine.com\/it\/\",\"logo\":{\"@type\":\"ImageObject\",\"inLanguage\":\"it-IT\",\"@id\":\"https:\/\/amistapiedmontwine.com\/it\/#\/schema\/logo\/image\/\",\"url\":\"https:\/\/amistapiedmontwine.com\/wp-content\/uploads\/2023\/01\/logo-Amista.png\",\"contentUrl\":\"https:\/\/amistapiedmontwine.com\/wp-content\/uploads\/2023\/01\/logo-Amista.png\",\"width\":300,\"height\":45,\"caption\":\"Amist\u00e0 Piedmont Wine\"},\"image\":{\"@id\":\"https:\/\/amistapiedmontwine.com\/it\/#\/schema\/logo\/image\/\"},\"sameAs\":[\"https:\/\/www.instagram.com\/amistawine_nizzadocg\/?hl=it\",\"https:\/\/www.facebook.com\/amistawinenizzadocg\"]}]}<\/script>\n<!-- \/ Yoast SEO plugin. -->","yoast_head_json":{"title":"NIZZA DOCG: Eccellenza del Piemonte - Amist\u00e0 Piedmont Wine","description":"Scopri le tappe fondamentali che hanno portato Amist\u00e0 a essere Associazione Produttori del Nizza . Scopri di pi\u00f9.","robots":{"index":"index","follow":"follow","max-snippet":"max-snippet:-1","max-image-preview":"max-image-preview:large","max-video-preview":"max-video-preview:-1"},"canonical":"https:\/\/amistapiedmontwine.com\/it\/nizza-docg-eccellenza-del-piemonte\/","og_locale":"it_IT","og_type":"article","og_title":"NIZZA DOCG: Eccellenza del Piemonte - Amist\u00e0 Piedmont Wine","og_description":"Scopri le tappe fondamentali che hanno portato Amist\u00e0 a essere Associazione Produttori del Nizza . Scopri di pi\u00f9.","og_url":"https:\/\/amistapiedmontwine.com\/it\/nizza-docg-eccellenza-del-piemonte\/","og_site_name":"Amist\u00e0 Piedmont Wine","article_publisher":"https:\/\/www.facebook.com\/amistawinenizzadocg","article_modified_time":"2023-01-25T11:22:16+00:00","og_image":[{"width":1920,"height":1478,"url":"https:\/\/amistapiedmontwine.com\/wp-content\/uploads\/2023\/01\/nizza-doc.jpg","type":"image\/jpeg"}],"twitter_card":"summary_large_image","twitter_misc":{"Tempo di lettura stimato":"1 minuto"},"schema":{"@context":"https:\/\/schema.org","@graph":[{"@type":"WebPage","@id":"https:\/\/amistapiedmontwine.com\/it\/nizza-docg-eccellenza-del-piemonte\/","url":"https:\/\/amistapiedmontwine.com\/it\/nizza-docg-eccellenza-del-piemonte\/","name":"NIZZA DOCG: Eccellenza del Piemonte - Amist\u00e0 Piedmont Wine","isPartOf":{"@id":"https:\/\/amistapiedmontwine.com\/it\/#website"},"datePublished":"2023-01-19T10:55:48+00:00","dateModified":"2023-01-25T11:22:16+00:00","description":"Scopri le tappe fondamentali che hanno portato Amist\u00e0 a essere Associazione Produttori del Nizza . Scopri di pi\u00f9.","breadcrumb":{"@id":"https:\/\/amistapiedmontwine.com\/it\/nizza-docg-eccellenza-del-piemonte\/#breadcrumb"},"inLanguage":"it-IT","potentialAction":[{"@type":"ReadAction","target":["https:\/\/amistapiedmontwine.com\/it\/nizza-docg-eccellenza-del-piemonte\/"]}]},{"@type":"BreadcrumbList","@id":"https:\/\/amistapiedmontwine.com\/it\/nizza-docg-eccellenza-del-piemonte\/#breadcrumb","itemListElement":[{"@type":"ListItem","position":1,"name":"Home","item":"https:\/\/amistapiedmontwine.com\/it\/home\/"},{"@type":"ListItem","position":2,"name":"NIZZA DOCG: Eccellenza del Piemonte"}]},{"@type":"WebSite","@id":"https:\/\/amistapiedmontwine.com\/it\/#website","url":"https:\/\/amistapiedmontwine.com\/it\/","name":"Amist\u00e0 Piedmont Wine","description":"","publisher":{"@id":"https:\/\/amistapiedmontwine.com\/it\/#organization"},"potentialAction":[{"@type":"SearchAction","target":{"@type":"EntryPoint","urlTemplate":"https:\/\/amistapiedmontwine.com\/it\/?s={search_term_string}"},"query-input":"required name=search_term_string"}],"inLanguage":"it-IT"},{"@type":"Organization","@id":"https:\/\/amistapiedmontwine.com\/it\/#organization","name":"Amist\u00e0 Piedmont Wine","url":"https:\/\/amistapiedmontwine.com\/it\/","logo":{"@type":"ImageObject","inLanguage":"it-IT","@id":"https:\/\/amistapiedmontwine.com\/it\/#\/schema\/logo\/image\/","url":"https:\/\/amistapiedmontwine.com\/wp-content\/uploads\/2023\/01\/logo-Amista.png","contentUrl":"https:\/\/amistapiedmontwine.com\/wp-content\/uploads\/2023\/01\/logo-Amista.png","width":300,"height":45,"caption":"Amist\u00e0 Piedmont Wine"},"image":{"@id":"https:\/\/amistapiedmontwine.com\/it\/#\/schema\/logo\/image\/"},"sameAs":["https:\/\/www.instagram.com\/amistawine_nizzadocg\/?hl=it","https:\/\/www.facebook.com\/amistawinenizzadocg"]}]}},"_links":{"self":[{"href":"https:\/\/amistapiedmontwine.com\/it\/wp-json\/wp\/v2\/pages\/323","targetHints":{"allow":["GET"]}}],"collection":[{"href":"https:\/\/amistapiedmontwine.com\/it\/wp-json\/wp\/v2\/pages"}],"about":[{"href":"https:\/\/amistapiedmontwine.com\/it\/wp-json\/wp\/v2\/types\/page"}],"author":[{"embeddable":true,"href":"https:\/\/amistapiedmontwine.com\/it\/wp-json\/wp\/v2\/users\/1"}],"replies":[{"embeddable":true,"href":"https:\/\/amistapiedmontwine.com\/it\/wp-json\/wp\/v2\/comments?post=323"}],"version-history":[{"count":14,"href":"https:\/\/amistapiedmontwine.com\/it\/wp-json\/wp\/v2\/pages\/323\/revisions"}],"predecessor-version":[{"id":751,"href":"https:\/\/amistapiedmontwine.com\/it\/wp-json\/wp\/v2\/pages\/323\/revisions\/751"}],"wp:featuredmedia":[{"embeddable":true,"href":"https:\/\/amistapiedmontwine.com\/it\/wp-json\/wp\/v2\/media\/76"}],"wp:attachment":[{"href":"https:\/\/amistapiedmontwine.com\/it\/wp-json\/wp\/v2\/media?parent=323"}],"curies":[{"name":"wp","href":"https:\/\/api.w.org\/{rel}","templated":true}]}}